{"id":38,"date":"2024-09-15T19:55:57","date_gmt":"2024-09-15T17:55:57","guid":{"rendered":"https:\/\/polievkarenza.sk\/?page_id=38"},"modified":"2026-04-06T21:14:47","modified_gmt":"2026-04-06T19:14:47","slug":"denne-menu","status":"publish","type":"page","link":"https:\/\/polievkarenza.sk\/","title":{"rendered":"Denn\u00e9 menu"},"content":{"rendered":"\n<h1 class=\"wp-block-heading\"><strong><em><mark style=\"background-color:rgba(0, 0, 0, 0)\" class=\"has-inline-color has-vivid-green-cyan-color\">POLIEVKAREN&nbsp;&nbsp;&nbsp;&nbsp;\u017dilina&nbsp; SMER<\/mark>&nbsp;&nbsp;<\/em><\/strong>&nbsp;&nbsp;&nbsp;&nbsp;&nbsp;&nbsp;&nbsp;&nbsp;&nbsp;&nbsp;&nbsp;&nbsp;&nbsp;&nbsp;&nbsp;&nbsp;&nbsp;&nbsp;&nbsp;&nbsp;&nbsp;&nbsp;&nbsp;&nbsp;&nbsp;&nbsp;&nbsp;&nbsp;&nbsp;&nbsp;&nbsp;<\/h1>\n\n\n\n<div class=\"wp-block-group is-nowrap is-layout-flex wp-container-core-group-is-layout-ad2f72ca wp-block-group-is-layout-flex\">\n<p><strong>&nbsp;&nbsp;&nbsp; &nbsp;&nbsp;&nbsp;&nbsp;&nbsp;&nbsp;&nbsp;&nbsp;&nbsp;&nbsp;&nbsp;&nbsp;&nbsp;&nbsp;&nbsp;&nbsp;&nbsp;&nbsp;&nbsp;&nbsp;&nbsp;&nbsp;&nbsp;&nbsp;&nbsp;&nbsp;&nbsp;&nbsp;&nbsp;&nbsp;&nbsp;&nbsp;&nbsp;&nbsp;&nbsp;&nbsp;&nbsp;&nbsp;&nbsp;&nbsp;&nbsp;&nbsp;&nbsp;&nbsp;&nbsp;&nbsp;&nbsp;&nbsp;&nbsp;&nbsp;&nbsp;<\/strong><strong> <\/strong><strong>&nbsp;&nbsp;&nbsp;&nbsp;&nbsp;&nbsp;&nbsp;&nbsp;&nbsp;&nbsp;&nbsp;&nbsp;&nbsp;&nbsp;&nbsp;&nbsp;&nbsp;&nbsp;&nbsp;&nbsp;&nbsp;&nbsp;&nbsp;&nbsp;&nbsp;&nbsp;&nbsp;<\/strong><\/p>\n\n\n\n<p><\/p>\n<\/div>\n\n\n\n<p><strong><mark style=\"background-color:rgba(0, 0, 0, 0)\" class=\"has-inline-color has-vivid-green-cyan-color\">Polievka na t\u00fd\u017ede\u0148<\/mark><\/strong> <mark style=\"background-color:rgba(0, 0, 0, 0)\" class=\"has-inline-color has-vivid-red-color\">: <strong>0,4 l&nbsp; Cviklovo-batatov\u00e1 s&nbsp;krut\u00f3nmi, semienkami a&nbsp;kl\u00ed\u010dkami<\/strong><\/mark><\/p>\n\n\n\n<p><strong><mark style=\"background-color:rgba(0, 0, 0, 0)\" class=\"has-inline-color has-vivid-cyan-blue-color\"><em>Polievky&nbsp; pod\u00e1vame od&nbsp; 09:3 0 -15:00&nbsp; &nbsp;ka\u017ed\u00fd pracovn\u00fd de\u0148<\/em><\/mark><\/strong><\/p>\n\n\n\n<p><\/p>\n\n\n\n<p><strong><mark style=\"background-color:rgba(0, 0, 0, 0)\" class=\"has-inline-color has-vivid-green-cyan-color\">Pondelok 6.04<\/mark><\/strong><\/p>\n\n\n\n<p><\/p>\n\n\n\n<p><\/p>\n\n\n\n<p><strong><mark style=\"background-color:rgba(0, 0, 0, 0)\" class=\"has-inline-color has-vivid-green-cyan-color\">Utorok&nbsp; 7.04.<\/mark><\/strong><\/p>\n\n\n\n<p>0,4 l&nbsp; Dr\u017ekov\u00e1 \u2013 1<\/p>\n\n\n\n<p>0,4 l&nbsp; \u0160o\u0161ovicov\u00e1 s&nbsp;klob\u00e1sou, zemiakmi a&nbsp;slaninov\u00fdm chipsom<\/p>\n\n\n\n<p>0,4 l&nbsp; Kr\u00e9mov\u00e1 so zemiakov a&nbsp;pe\u010den\u00e9ho cesnaku s&nbsp;krut\u00f3nmi a&nbsp;chrumkavou cibu\u013ekou &#8211; 7<\/p>\n\n\n\n<p><strong><em><mark style=\"background-color:rgba(0, 0, 0, 0)\" class=\"has-inline-color has-vivid-green-cyan-color\">Streda : 8.04.&nbsp;<\/mark><\/em><\/strong><\/p>\n\n\n\n<p>0,4 l&nbsp;&nbsp; Gul\u00e1\u0161ov\u00e1 polievka z&nbsp;brav\u010dov\u00e9ho&nbsp; m\u00e4sa so zemiakmi&nbsp;&nbsp;&nbsp;&nbsp;&nbsp;&nbsp;&nbsp;&nbsp;&nbsp;&nbsp;&nbsp;&nbsp;&nbsp;&nbsp;&nbsp;&nbsp;&nbsp;&nbsp;&nbsp;&nbsp;&nbsp;&nbsp;&nbsp;&nbsp;&nbsp;&nbsp;&nbsp;&nbsp;&nbsp;&nbsp;&nbsp;&nbsp;<\/p>\n\n\n\n<p>0,4 l&nbsp;&nbsp;&nbsp; Zeleninov\u00e1 z&nbsp;\u010derstvej zeleniny s&nbsp;bylinkov\u00fdmi halu\u0161kami 9, 1,3<\/p>\n\n\n\n<p>0,4 l&nbsp;&nbsp; Kr\u00e9mov\u00e1 z&nbsp;medvedieho cesnaku s&nbsp;chrumkav\u00fdm c\u00edcerom \u2013 9<\/p>\n\n\n\n<p><\/p>\n\n\n\n<p><strong><em><mark style=\"background-color:rgba(0, 0, 0, 0)\" class=\"has-inline-color has-vivid-green-cyan-color\">\u0160tvrtok : 9.04.&nbsp;<\/mark><\/em><\/strong><\/p>\n\n\n\n<p>0,4 l&nbsp; Bor\u0161\u010d m\u00e4sov\u00fd , pod\u00e1van\u00fd s&nbsp;kyslou smotanou \u2013 9, 7 &nbsp;&nbsp;&nbsp;&nbsp;&nbsp;&nbsp;&nbsp;&nbsp;&nbsp;&nbsp;&nbsp;&nbsp;&nbsp;&nbsp;&nbsp;&nbsp;&nbsp;&nbsp;&nbsp;&nbsp;&nbsp;&nbsp;&nbsp; 4,50&nbsp; \u20ac<\/p>\n\n\n\n<p>0,4 l&nbsp;&nbsp; H\u0155stkov\u00e1 s&nbsp;p\u00e1rkami&nbsp; 1,9 0,4 l&nbsp; Kr\u00e9mov\u00e1 z&nbsp;paradajok a&nbsp;\u0161o\u0161ovice beluga s&nbsp;bazalkov\u00fdm pestom&nbsp;<\/p>\n\n\n\n<p><\/p>\n\n\n\n<p><strong><em><mark style=\"background-color:rgba(0, 0, 0, 0)\" class=\"has-inline-color has-vivid-green-cyan-color\">Piatok : 10.04.&nbsp;<\/mark><\/em><\/strong><\/p>\n\n\n\n<p>0,4 l&nbsp;&nbsp; Kapustnica s&nbsp;m\u00e4som a&nbsp;\u0161irok\u00fdmi rezancami&nbsp; (1,3)<\/p>\n\n\n\n<p>0,4 l&nbsp;&nbsp; Hlivov\u00e1 so zeleninou a&nbsp;zemiakmi &#8211; 9<strong><\/strong><\/p>\n\n\n\n<p>0,4 l&nbsp;&nbsp; Zelerovo-mrkvov\u00fd kr\u00e9m s&nbsp;krut\u00f3nmi a&nbsp;kl\u010dkami&nbsp; &#8211; 9 (1,3)<\/p>\n\n\n\n<p><\/p>\n\n\n\n<p><\/p>\n\n\n\n<p><\/p>\n\n\n\n<div class=\"wp-block-group is-nowrap is-layout-flex wp-container-core-group-is-layout-ad2f72ca wp-block-group-is-layout-flex\">\n<p><\/p>\n<\/div>\n\n\n\n<p><\/p>\n\n\n\n<p><\/p>\n\n\n\n<p><\/p>\n\n\n\n<p><\/p>\n\n\n\n<p><strong>Polievka M&nbsp;&nbsp; &nbsp;&nbsp;&nbsp;&nbsp;&nbsp;&nbsp;&nbsp;0,4 l&nbsp;&nbsp;&nbsp;&nbsp;&nbsp;&nbsp;&nbsp;&nbsp;&nbsp;&nbsp;&nbsp;&nbsp;&nbsp;&nbsp;&nbsp;&nbsp;&nbsp;&nbsp;&nbsp;&nbsp;&nbsp;&nbsp;&nbsp;&nbsp;&nbsp;&nbsp;&nbsp;&nbsp;&nbsp;&nbsp;&nbsp;&nbsp;&nbsp;&nbsp;&nbsp;&nbsp;&nbsp;&nbsp;&nbsp;&nbsp;&nbsp;&nbsp;&nbsp;&nbsp;&nbsp;&nbsp;&nbsp;&nbsp;&nbsp;&nbsp;&nbsp;&nbsp;&nbsp;&nbsp;&nbsp;&nbsp;&nbsp;&nbsp;&nbsp;&nbsp;&nbsp;&nbsp;&nbsp;&nbsp;&nbsp;&nbsp; &nbsp;&nbsp;&nbsp;&nbsp;&nbsp;&nbsp;&nbsp; &nbsp;&nbsp;&nbsp;&nbsp;&nbsp;&nbsp;&nbsp;&nbsp;&nbsp;&nbsp;&nbsp;&nbsp;&nbsp;         4,20 \u20ac<\/strong><\/p>\n\n\n\n<p><strong>Polievka m\u00e4sov\u00e1&nbsp; M O,4 l&nbsp;&nbsp;&nbsp;&nbsp;&nbsp;&nbsp;&nbsp;&nbsp;&nbsp;&nbsp;&nbsp;&nbsp;&nbsp;&nbsp;&nbsp;&nbsp;&nbsp;&nbsp;&nbsp;&nbsp;&nbsp;&nbsp;&nbsp;&nbsp;&nbsp;&nbsp;&nbsp;&nbsp;&nbsp;&nbsp;&nbsp;&nbsp;&nbsp;&nbsp;&nbsp;&nbsp;&nbsp;&nbsp;&nbsp;&nbsp;&nbsp;&nbsp;&nbsp;&nbsp;&nbsp;&nbsp;&nbsp;&nbsp;&nbsp;&nbsp;&nbsp;&nbsp;&nbsp;&nbsp;&nbsp;&nbsp;&nbsp;&nbsp;&nbsp;&nbsp;&nbsp;&nbsp;&nbsp;&nbsp;&nbsp;&nbsp;&nbsp;&nbsp;&nbsp;&nbsp;&nbsp;&nbsp; &nbsp;&nbsp;&nbsp;&nbsp;&nbsp;&nbsp;&nbsp;&nbsp;&nbsp;         4,50 \u20ac<\/strong><\/p>\n\n\n\n<p><strong>Polievka L&nbsp;&nbsp;&nbsp;&nbsp; &nbsp;&nbsp; 0,6 l &nbsp;&nbsp;&nbsp;&nbsp;&nbsp;&nbsp;&nbsp;&nbsp;&nbsp;&nbsp;&nbsp; &nbsp;&nbsp;&nbsp;&nbsp;&nbsp;&nbsp;&nbsp;&nbsp;&nbsp;&nbsp;&nbsp;&nbsp;&nbsp;&nbsp;&nbsp;&nbsp;&nbsp;&nbsp;&nbsp;&nbsp;&nbsp;&nbsp;&nbsp;&nbsp;&nbsp;&nbsp;&nbsp;&nbsp;&nbsp;&nbsp;&nbsp;&nbsp;&nbsp;&nbsp;&nbsp;&nbsp;&nbsp;&nbsp;&nbsp;&nbsp;&nbsp;&nbsp;&nbsp;&nbsp;&nbsp;&nbsp;&nbsp;&nbsp;&nbsp;&nbsp;&nbsp;&nbsp;&nbsp;&nbsp;&nbsp;&nbsp;&nbsp;&nbsp;&nbsp;&nbsp;&nbsp;&nbsp;&nbsp;&nbsp;&nbsp;&nbsp;&nbsp;&nbsp;&nbsp;&nbsp; &nbsp;&nbsp;&nbsp;&nbsp;&nbsp;&nbsp;&nbsp;&nbsp;&nbsp;&nbsp;      5,80 \u20ac<\/strong><\/p>\n\n\n\n<p><strong>Polievka m\u00e4sov\u00e1 L 0,6 l&nbsp;&nbsp;&nbsp;&nbsp;&nbsp;&nbsp;&nbsp;&nbsp;&nbsp;&nbsp;&nbsp;&nbsp;&nbsp;&nbsp;&nbsp;&nbsp;&nbsp;&nbsp;&nbsp;&nbsp;&nbsp;&nbsp;&nbsp;&nbsp;&nbsp;&nbsp;&nbsp;&nbsp;&nbsp;&nbsp;&nbsp;&nbsp;&nbsp;&nbsp;&nbsp;&nbsp;&nbsp;&nbsp;&nbsp;&nbsp;&nbsp;&nbsp;&nbsp;&nbsp;&nbsp;&nbsp;&nbsp;&nbsp;&nbsp;&nbsp;&nbsp;&nbsp;&nbsp;&nbsp;&nbsp;&nbsp;&nbsp;&nbsp;&nbsp;&nbsp;&nbsp;&nbsp;&nbsp;&nbsp;&nbsp;&nbsp;&nbsp;&nbsp;&nbsp;&nbsp;&nbsp;&nbsp;&nbsp;&nbsp;&nbsp;&nbsp;&nbsp;&nbsp;&nbsp;&nbsp;&nbsp;&nbsp;&nbsp;&nbsp;&nbsp;&nbsp;       6,10 \u20ac<\/strong><\/p>\n\n\n\n<p><strong>Polievka XL &nbsp;&nbsp;&nbsp;0,8 l &nbsp;&nbsp;&nbsp;&nbsp;&nbsp;&nbsp;&nbsp;&nbsp;&nbsp;&nbsp;&nbsp;&nbsp;&nbsp;&nbsp;&nbsp;&nbsp;&nbsp;&nbsp;&nbsp;&nbsp;&nbsp;&nbsp;&nbsp;&nbsp;&nbsp;&nbsp;&nbsp;&nbsp;&nbsp;&nbsp;&nbsp;&nbsp;&nbsp;&nbsp;&nbsp;&nbsp;&nbsp;&nbsp;&nbsp;&nbsp;&nbsp;&nbsp;&nbsp;&nbsp;&nbsp;&nbsp;&nbsp;&nbsp;&nbsp;&nbsp;&nbsp;&nbsp;&nbsp;&nbsp;&nbsp;&nbsp;&nbsp;&nbsp;&nbsp;&nbsp;&nbsp;&nbsp;&nbsp;&nbsp;&nbsp;&nbsp;&nbsp;&nbsp;&nbsp;&nbsp; &nbsp;&nbsp;&nbsp;&nbsp;&nbsp;&nbsp;&nbsp;&nbsp;&nbsp;&nbsp;&nbsp;&nbsp;&nbsp;&nbsp;&nbsp;&nbsp;&nbsp;&nbsp;&nbsp;&nbsp;&nbsp;&nbsp;       7,60 \u20ac&nbsp;&nbsp;<\/strong><\/p>\n\n\n\n<p><strong>Polievka m\u00e4sov\u00e1 XL 0,8 l &nbsp;&nbsp;&nbsp;&nbsp;&nbsp;&nbsp;&nbsp;&nbsp;&nbsp;&nbsp;&nbsp;&nbsp;&nbsp;&nbsp;&nbsp;&nbsp;&nbsp;&nbsp;&nbsp;&nbsp;&nbsp;&nbsp;&nbsp;&nbsp;&nbsp;&nbsp;&nbsp;&nbsp;&nbsp;&nbsp;&nbsp;&nbsp;&nbsp;&nbsp;&nbsp;&nbsp;&nbsp;&nbsp;&nbsp;&nbsp;&nbsp;&nbsp;&nbsp;&nbsp;&nbsp;&nbsp;&nbsp;&nbsp;&nbsp;&nbsp;&nbsp;&nbsp;&nbsp;&nbsp;&nbsp;&nbsp;&nbsp;&nbsp;&nbsp;&nbsp;&nbsp;&nbsp;&nbsp;&nbsp;&nbsp;&nbsp;&nbsp;&nbsp;&nbsp;&nbsp;&nbsp;&nbsp;&nbsp;&nbsp;&nbsp;&nbsp;&nbsp;&nbsp;&nbsp;&nbsp;&nbsp;&nbsp;       7,90 \u20ac<\/strong><\/p>\n\n\n\n<p><\/p>\n\n\n\n<p><\/p>\n\n\n\n<p><strong>Mo\u017enos\u0165 objedna\u0165 Bistro.sk<\/strong><\/p>\n\n\n\n<p>Potravinov\u00e9 alerg\u00e9ny: 1.Obilniny obsahuj\u00face lepok, 2. K\u00f4rovce a&nbsp;v\u00fdrobky z&nbsp;nich, 3. Vajcia a&nbsp;v\u00fdrobky z&nbsp;nich, 4. Ryby a&nbsp;v\u00fdrobky z&nbsp;nich, 5. Ara\u0161idy a&nbsp;v\u00fdrobky z&nbsp;nich, 6. S\u00f3jov\u00e9 zrn\u00e1 a&nbsp;v\u00fdrobky z&nbsp;nich, 7. Mlieko a&nbsp;v\u00fdrobky z&nbsp;nich, 8. Orechy a&nbsp;v\u00fdrobky z nich, 9. Zeler a&nbsp;v\u00fdrobky z&nbsp;nich, 10. Hor\u010dica a&nbsp;v\u00fdrobky z&nbsp;nej, 11. Sezamov\u00e9 semen\u00e1 a&nbsp;v\u00fdrobky z&nbsp;nich, 12. Oxid siri\u010dit\u00fd a&nbsp;siri\u010ditany, 13. Vl\u010d\u00ed b\u00f4b a&nbsp;v\u00fdrobky z&nbsp;neho, 14. M\u00e4kk\u00fd\u0161e a&nbsp;v\u00fdrobky z&nbsp;nich<\/p>\n\n\n\n<p><a href=\"http:\/\/www.polievkarenza.sk\"><strong><mark style=\"background-color:rgba(0, 0, 0, 0)\" class=\"has-inline-color has-vivid-red-color\">www.polievkarenza.sk<\/mark><\/strong><\/a><strong>&nbsp;&nbsp;&nbsp;&nbsp;&nbsp;&nbsp;&nbsp;&nbsp;&nbsp;&nbsp;&nbsp;&nbsp;&nbsp;&nbsp;&nbsp;&nbsp;&nbsp;&nbsp;&nbsp;&nbsp;&nbsp; <\/strong>tel.:&nbsp; 0911&nbsp;&nbsp; 872 400<\/p>\n\n\n\n<p><\/p>\n\n\n\n<p><\/p>\n\n\n\n<p><\/p>\n","protected":false},"excerpt":{"rendered":"<p>POLIEVKAREN&nbsp;&nbsp;&nbsp;&nbsp;\u017dilina&nbsp; SMER&nbsp;&nbsp;&nbsp;&nbsp;&nbsp;&nbsp;&nbsp;&nbsp;&nbsp;&nbsp;&nbsp;&nbsp;&nbsp;&nbsp;&nbsp;&nbsp;&nbsp;&nbsp;&nbsp;&nbsp;&nbsp;&nbsp;&nbsp;&nbsp;&nbsp;&nbsp;&nbsp;&nbsp;&nbsp;&nbsp;&nbsp;&nbsp;&nbsp; &nbsp;&nbsp;&nbsp; &nbsp;&nbsp;&nbsp;&nbsp;&nbsp;&nbsp;&nbsp;&nbsp;&nbsp;&nbsp;&nbsp;&nbsp;&nbsp;&nbsp;&nbsp;&nbsp;&nbsp;&nbsp;&nbsp;&nbsp;&nbsp;&nbsp;&nbsp;&nbsp;&nbsp;&nbsp;&nbsp;&nbsp;&nbsp;&nbsp;&nbsp;&nbsp;&nbsp;&nbsp;&nbsp;&nbsp;&nbsp;&nbsp;&nbsp;&nbsp;&nbsp;&nbsp;&nbsp;&nbsp;&nbsp;&nbsp;&nbsp;&nbsp;&nbsp;&nbsp;&nbsp; &nbsp;&nbsp;&nbsp;&nbsp;&nbsp;&nbsp;&nbsp;&nbsp;&nbsp;&nbsp;&nbsp;&nbsp;&nbsp;&nbsp;&nbsp;&nbsp;&nbsp;&nbsp;&nbsp;&nbsp;&nbsp;&nbsp;&nbsp;&nbsp;&nbsp;&nbsp;&nbsp; Polievka na t\u00fd\u017ede\u0148 : 0,4 l&nbsp; Cviklovo-batatov\u00e1 s&nbsp;krut\u00f3nmi, semienkami a&nbsp;kl\u00ed\u010dkami Polievky&nbsp; pod\u00e1vame od&nbsp; 09:3 0 -15:00&nbsp; &nbsp;ka\u017ed\u00fd pracovn\u00fd de\u0148 Pondelok 6.04 Utorok&nbsp; 7.04. 0,4 l&nbsp; Dr\u017ekov\u00e1 \u2013 1 0,4 l&nbsp; \u0160o\u0161ovicov\u00e1 s&nbsp;klob\u00e1sou, zemiakmi a&nbsp;slaninov\u00fdm chipsom&#8230; <\/p>\n<div class=\"readmore-section\"><a class=\"readmore-btn\" href=\"https:\/\/polievkarenza.sk\/\">Continue reading <i class=\"fa fa-arrow-right\"><\/i><\/a><\/div>\n","protected":false},"author":1,"featured_media":0,"parent":0,"menu_order":0,"comment_status":"closed","ping_status":"closed","template":"","meta":{"footnotes":""},"class_list":["post-38","page","type-page","status-publish","hentry"],"_links":{"self":[{"href":"https:\/\/polievkarenza.sk\/index.php?rest_route=\/wp\/v2\/pages\/38","targetHints":{"allow":["GET"]}}],"collection":[{"href":"https:\/\/polievkarenza.sk\/index.php?rest_route=\/wp\/v2\/pages"}],"about":[{"href":"https:\/\/polievkarenza.sk\/index.php?rest_route=\/wp\/v2\/types\/page"}],"author":[{"embeddable":true,"href":"https:\/\/polievkarenza.sk\/index.php?rest_route=\/wp\/v2\/users\/1"}],"replies":[{"embeddable":true,"href":"https:\/\/polievkarenza.sk\/index.php?rest_route=%2Fwp%2Fv2%2Fcomments&post=38"}],"version-history":[{"count":133,"href":"https:\/\/polievkarenza.sk\/index.php?rest_route=\/wp\/v2\/pages\/38\/revisions"}],"predecessor-version":[{"id":393,"href":"https:\/\/polievkarenza.sk\/index.php?rest_route=\/wp\/v2\/pages\/38\/revisions\/393"}],"wp:attachment":[{"href":"https:\/\/polievkarenza.sk\/index.php?rest_route=%2Fwp%2Fv2%2Fmedia&parent=38"}],"curies":[{"name":"wp","href":"https:\/\/api.w.org\/{rel}","templated":true}]}}